{"id":59,"date":"2009-02-24T21:29:22","date_gmt":"2009-02-24T20:29:22","guid":{"rendered":"http:\/\/www.segelyacht-eos.de\/?page_id=59"},"modified":"2024-12-22T17:04:44","modified_gmt":"2024-12-22T16:04:44","slug":"die-eigner","status":"publish","type":"page","link":"https:\/\/www.segelyacht-merlin.de\/?page_id=59","title":{"rendered":"Die Eigner"},"content":{"rendered":"\n<div class=\"wp-block-columns is-layout-flex wp-container-core-columns-is-layout-9d6595d7 wp-block-columns-is-layout-flex\">\n<div class=\"wp-block-column is-layout-flow wp-block-column-is-layout-flow\" style=\"flex-basis:100%\">\n<p style=\"text-align: justify;\"><strong>Hallo, wir m\u00f6chten uns kurz vorstellen<\/strong>.<\/p>\n<p><img loading=\"lazy\" decoding=\"async\" class=\"aligncenter  wp-image-60\" title=\"eigner-1\" src=\"http:\/\/www.segelyacht-merlin.de\/wp-content\/uploads\/2009\/02\/eigner-1.jpg\" alt=\"eigner-1\" width=\"473\" height=\"315\" \/><\/p>\n<div id=\"attachment_61\" style=\"width: 344px\" class=\"wp-caption alignleft\"><img loading=\"lazy\" decoding=\"async\" aria-describedby=\"caption-attachment-61\" class=\" wp-image-61 \" title=\"Thomas\" src=\"http:\/\/www.segelyacht-merlin.de\/wp-content\/uploads\/2009\/02\/eigner.jpg\" alt=\"Thomas\" width=\"334\" height=\"493\" \/><p id=\"caption-attachment-61\" class=\"wp-caption-text\">Thomas<\/p><\/div>\n<p><strong>Thomas<\/strong><\/p>\n<p style=\"text-align: justify;\">Baujahr 1958, Tiefgang 1,83 Meter, Verdr\u00e4ngung knapp \u00fcber 100 kg (OK, das Foto ist schon etwas \u00e4lter)<\/p>\n<p style=\"text-align: justify;\">Charterskipper seit 1994. Eigner seit 2008. Bisher ca. 5.000 Meilen in Italien, Kroatien, Griechenland und der T\u00fcrkei als Skipper unterwegs gewesen. Von Beruf Fertigungsleiter und seit M\u00e4rz 2018 im Unruhestand. Hobbys: Neben dem Segeln noch Motor- und Segelflug sowie Kunstflug. Fluglehrer und B\u00e4ndiger eines <a title=\"www.miss-sophie.org\" href=\"http:\/\/www.miss-sophie.org\">Oldtimerdoppeldeckers<\/a>. Und lange Jahre Keyborder in einer <a title=\"www.schleppschlampen.de\" href=\"http:\/\/www.schleppschlampen.de\">Band<\/a>.<\/p>\n<p style=\"text-align: justify;\"><img loading=\"lazy\" decoding=\"async\" class=\"wp-image-572 alignleft\" title=\"ingrid-klein\" src=\"http:\/\/www.segelyacht-merlin.de\/wp-content\/uploads\/2009\/02\/ingrid-klein.jpg\" alt=\"ingrid-klein\" width=\"616\" height=\"413\" \/><\/p>\n<p><strong>Ingrid <\/strong>Baujahr 1958, Tiefgang 1,69 Meter, Verdr\u00e4ngung knapp \u00fcber 50 kg. Seit ein paar Jahren im Ruhestand. Hobbys: Alles was mit Tieren zu tun hat. Co-Skipperin auf vielen T\u00f6rns.<\/p>\n<\/div>\n<\/div>\n\n\n\n<p class=\"has-text-align-center\"><strong>Eine Partnerschaft entsteht.<\/strong><\/p>\n\n\n\n<p>Trotz Ruhestand beschr\u00e4nkt sich die Nutzung der Yacht auf einige Wochen pro Jahr. Nicht weil segeln keinen Spa\u00df mehr macht, sondern weil andere Sch\u00f6nwetter-Hobbys einfach immer noch Vorrang haben. Die Kosten f\u00fcr Wartung, Versicherung und Liegeplatz hingegen, steigen immer weiter in die H\u00f6he. Es gibt zwei L\u00f6sungsans\u00e4tze. Verkaufen oder teilen.<\/p>\n\n\n\n<p>Serkan, der schon zu Charterzeiten f\u00fcr Merlin zust\u00e4ndig war, ist an einem Kauf interessiert. Er schw\u00e4rmt schon viele Jahre f\u00fcr Merlin und steigt mitte 2023 als gleichberechtigter Partner mit ein. Mit seinem langj\u00e4hrigen Wissen um die Jacht-Technik und insbesondere um unsere Bavaria ist er der ideale Partner. Ferner ist er deutlich schneller vor Ort, sollte mal was sein. Leider hat auch er nur begrenzte zeit f\u00fcr dieses wunderbare Hobby. <\/p>\n\n\n\n<figure class=\"wp-block-gallery has-nested-images columns-default is-cropped wp-block-gallery-1 is-layout-flex wp-block-gallery-is-layout-flex\">\n<figure class=\"wp-block-image size-large\"><img loading=\"lazy\" decoding=\"async\" width=\"768\" height=\"1024\" data-id=\"1783\" src=\"https:\/\/www.segelyacht-merlin.de\/wp-content\/uploads\/2024\/12\/Serkan-1-768x1024.jpg\" alt=\"\" class=\"wp-image-1783\" srcset=\"https:\/\/www.segelyacht-merlin.de\/wp-content\/uploads\/2024\/12\/Serkan-1-768x1024.jpg 768w, https:\/\/www.segelyacht-merlin.de\/wp-content\/uploads\/2024\/12\/Serkan-1-225x300.jpg 225w, https:\/\/www.segelyacht-merlin.de\/wp-content\/uploads\/2024\/12\/Serkan-1-1152x1536.jpg 1152w, https:\/\/www.segelyacht-merlin.de\/wp-content\/uploads\/2024\/12\/Serkan-1-1536x2048.jpg 1536w, https:\/\/www.segelyacht-merlin.de\/wp-content\/uploads\/2024\/12\/Serkan-1-scaled.jpg 1920w\" sizes=\"auto, (max-width: 768px) 100vw, 768px\" \/><figcaption class=\"wp-element-caption\"><strong>Schon vor Jahren hat Serkan an der MERLIN geschraubt <\/strong><\/figcaption><\/figure>\n<\/figure>\n\n\n\n<figure class=\"wp-block-gallery has-nested-images columns-default is-cropped wp-block-gallery-2 is-layout-flex wp-block-gallery-is-layout-flex\">\n<figure class=\"wp-block-image size-large\"><img loading=\"lazy\" decoding=\"async\" width=\"768\" height=\"1024\" data-id=\"1786\" src=\"https:\/\/www.segelyacht-merlin.de\/wp-content\/uploads\/2024\/12\/Serkan-3-768x1024.jpg\" alt=\"\" class=\"wp-image-1786\" srcset=\"https:\/\/www.segelyacht-merlin.de\/wp-content\/uploads\/2024\/12\/Serkan-3-768x1024.jpg 768w, https:\/\/www.segelyacht-merlin.de\/wp-content\/uploads\/2024\/12\/Serkan-3-225x300.jpg 225w, https:\/\/www.segelyacht-merlin.de\/wp-content\/uploads\/2024\/12\/Serkan-3-1152x1536.jpg 1152w, https:\/\/www.segelyacht-merlin.de\/wp-content\/uploads\/2024\/12\/Serkan-3-1536x2048.jpg 1536w, https:\/\/www.segelyacht-merlin.de\/wp-content\/uploads\/2024\/12\/Serkan-3-scaled.jpg 1920w\" sizes=\"auto, (max-width: 768px) 100vw, 768px\" \/><figcaption class=\"wp-element-caption\">Segel abschlagen<\/figcaption><\/figure>\n\n\n\n<figure class=\"wp-block-image size-large\"><img loading=\"lazy\" decoding=\"async\" width=\"626\" height=\"992\" data-id=\"1785\" src=\"https:\/\/www.segelyacht-merlin.de\/wp-content\/uploads\/2024\/12\/Serkan-2-1.jpg\" alt=\"\" class=\"wp-image-1785\" srcset=\"https:\/\/www.segelyacht-merlin.de\/wp-content\/uploads\/2024\/12\/Serkan-2-1.jpg 626w, https:\/\/www.segelyacht-merlin.de\/wp-content\/uploads\/2024\/12\/Serkan-2-1-189x300.jpg 189w\" sizes=\"auto, (max-width: 626px) 100vw, 626px\" \/><figcaption class=\"wp-element-caption\">Merlin einwintern 2023<\/figcaption><\/figure>\n<\/figure>\n","protected":false},"excerpt":{"rendered":"<p>Hallo, wir m\u00f6chten uns kurz vorstellen. Thomas Baujahr 1958, Tiefgang 1,83 Meter, Verdr\u00e4ngung knapp \u00fcber 100 kg (OK, das Foto ist schon etwas \u00e4lter) Charterskipper seit 1994. Eigner seit 2008. Bisher ca. 5.000 Meilen in Italien, Kroatien, Griechenland und der T\u00fcrkei als Skipper unterwegs gewesen. Von Beruf Fertigungsleiter und seit M\u00e4rz 2018 im Unruhestand. Hobbys: [&hellip;]<\/p>\n","protected":false},"author":2,"featured_media":0,"parent":0,"menu_order":2,"comment_status":"closed","ping_status":"closed","template":"","meta":{"footnotes":""},"class_list":["post-59","page","type-page","status-publish","hentry"],"_links":{"self":[{"href":"https:\/\/www.segelyacht-merlin.de\/index.php?rest_route=\/wp\/v2\/pages\/59","targetHints":{"allow":["GET"]}}],"collection":[{"href":"https:\/\/www.segelyacht-merlin.de\/index.php?rest_route=\/wp\/v2\/pages"}],"about":[{"href":"https:\/\/www.segelyacht-merlin.de\/index.php?rest_route=\/wp\/v2\/types\/page"}],"author":[{"embeddable":true,"href":"https:\/\/www.segelyacht-merlin.de\/index.php?rest_route=\/wp\/v2\/users\/2"}],"replies":[{"embeddable":true,"href":"https:\/\/www.segelyacht-merlin.de\/index.php?rest_route=%2Fwp%2Fv2%2Fcomments&post=59"}],"version-history":[{"count":13,"href":"https:\/\/www.segelyacht-merlin.de\/index.php?rest_route=\/wp\/v2\/pages\/59\/revisions"}],"predecessor-version":[{"id":1788,"href":"https:\/\/www.segelyacht-merlin.de\/index.php?rest_route=\/wp\/v2\/pages\/59\/revisions\/1788"}],"wp:attachment":[{"href":"https:\/\/www.segelyacht-merlin.de\/index.php?rest_route=%2Fwp%2Fv2%2Fmedia&parent=59"}],"curies":[{"name":"wp","href":"https:\/\/api.w.org\/{rel}","templated":true}]}}